{"id":14,"date":"2023-08-01T10:53:16","date_gmt":"2023-08-01T10:53:16","guid":{"rendered":"https:\/\/arena-multimedia.de\/?page_id=14"},"modified":"2023-08-07T10:34:55","modified_gmt":"2023-08-07T08:34:55","slug":"about-us","status":"publish","type":"page","link":"https:\/\/arena-multimedia.de\/?page_id=14","title":{"rendered":"About Us"},"content":{"rendered":"\n<p>Die Arena Multimedia Group GmbH wurde im Mai 2009 als Salto TV GmbH auf dem Gel\u00e4nde des Bavariafilmplatzes in Gr\u00fcnwald bei M\u00fcnchen gegr\u00fcndet.<\/p>\n\n\n\n<p>Ziel war die Produktion und Vermarktung von Medien, insbesondere im Bereich Bildung und Gesundheit. Der Name entstand aus dem <strong>Salutogenese<\/strong> Model.<\/p>\n\n\n\n<p>Im Jahr 2010 entstand durch die Verbreiterung des Portfolios die Arena Multimedia Group mit Sitz in M\u00fcnchen.<\/p>\n\n\n\n<p>Seit mehr als 10 Jahren bieten wir unseren Partnern und Kunden ein breitens Know-How und verschiedene Dienstleistungen rund um die Bereiche<\/p>\n\n\n\n<ul class=\"wp-block-list\">\n<li>Film und Medien<\/li>\n\n\n\n<li>IT Beratung und Projektierung<\/li>\n<\/ul>\n\n\n\n<p>an.<\/p>\n","protected":false},"excerpt":{"rendered":"<p>Die Arena Multimedia Group GmbH wurde im Mai 2009 als Salto TV GmbH auf dem Gel\u00e4nde des Bavariafilmplatzes in Gr\u00fcnwald bei M\u00fcnchen gegr\u00fcndet. Ziel war die Produktion und Vermarktung von [&hellip;]<\/p>\n","protected":false},"author":1,"featured_media":0,"parent":0,"menu_order":0,"comment_status":"closed","ping_status":"closed","template":"","meta":{"footnotes":""},"class_list":["post-14","page","type-page","status-publish","czr-hentry"],"_links":{"self":[{"href":"https:\/\/arena-multimedia.de\/index.php?rest_route=\/wp\/v2\/pages\/14","targetHints":{"allow":["GET"]}}],"collection":[{"href":"https:\/\/arena-multimedia.de\/index.php?rest_route=\/wp\/v2\/pages"}],"about":[{"href":"https:\/\/arena-multimedia.de\/index.php?rest_route=\/wp\/v2\/types\/page"}],"author":[{"embeddable":true,"href":"https:\/\/arena-multimedia.de\/index.php?rest_route=\/wp\/v2\/users\/1"}],"replies":[{"embeddable":true,"href":"https:\/\/arena-multimedia.de\/index.php?rest_route=%2Fwp%2Fv2%2Fcomments&post=14"}],"version-history":[{"count":4,"href":"https:\/\/arena-multimedia.de\/index.php?rest_route=\/wp\/v2\/pages\/14\/revisions"}],"predecessor-version":[{"id":92,"href":"https:\/\/arena-multimedia.de\/index.php?rest_route=\/wp\/v2\/pages\/14\/revisions\/92"}],"wp:attachment":[{"href":"https:\/\/arena-multimedia.de\/index.php?rest_route=%2Fwp%2Fv2%2Fmedia&parent=14"}],"curies":[{"name":"wp","href":"https:\/\/api.w.org\/{rel}","templated":true}]}}